{"id":292,"date":"2024-12-11T20:27:42","date_gmt":"2024-12-11T19:27:42","guid":{"rendered":"https:\/\/leiho.fr\/?page_id=292"},"modified":"2025-01-29T22:30:20","modified_gmt":"2025-01-29T21:30:20","slug":"merchandising","status":"publish","type":"page","link":"https:\/\/leiho.fr\/index.php\/merchandising\/","title":{"rendered":"Merchandising"},"content":{"rendered":"\n<p class=\"has-text-align-center\"><mark style=\"background-color:rgba(0, 0, 0, 0)\" class=\"has-inline-color has-white-color\"><strong>Nouvel album Cycle, disponible en version physique<\/strong><\/mark><\/p>\n\n\n\n<div class=\"wp-block-group is-nowrap is-layout-flex wp-container-core-group-is-layout-ad2f72ca wp-block-group-is-layout-flex\">\n<div class=\"wp-block-buttons is-layout-flex wp-block-buttons-is-layout-flex\"><\/div>\n\n\n\n<figure class=\"wp-block-gallery has-nested-images columns-default is-cropped wp-block-gallery-1 is-layout-flex wp-block-gallery-is-layout-flex\">\n<figure class=\"wp-block-image size-full\"><img loading=\"lazy\" decoding=\"async\" width=\"1440\" height=\"1440\" data-id=\"299\" src=\"http:\/\/leiho.fr\/wp-content\/uploads\/2024\/12\/Leiho-Cycle-Cover.jpg\" alt=\"\" class=\"wp-image-299\" srcset=\"https:\/\/leiho.fr\/wp-content\/uploads\/2024\/12\/Leiho-Cycle-Cover.jpg 1440w, https:\/\/leiho.fr\/wp-content\/uploads\/2024\/12\/Leiho-Cycle-Cover-300x300.jpg 300w, https:\/\/leiho.fr\/wp-content\/uploads\/2024\/12\/Leiho-Cycle-Cover-1024x1024.jpg 1024w, https:\/\/leiho.fr\/wp-content\/uploads\/2024\/12\/Leiho-Cycle-Cover-150x150.jpg 150w, https:\/\/leiho.fr\/wp-content\/uploads\/2024\/12\/Leiho-Cycle-Cover-768x768.jpg 768w, https:\/\/leiho.fr\/wp-content\/uploads\/2024\/12\/Leiho-Cycle-Cover-960x960.jpg 960w, https:\/\/leiho.fr\/wp-content\/uploads\/2024\/12\/Leiho-Cycle-Cover-140x140.jpg 140w, https:\/\/leiho.fr\/wp-content\/uploads\/2024\/12\/Leiho-Cycle-Cover-50x50.jpg 50w, https:\/\/leiho.fr\/wp-content\/uploads\/2024\/12\/Leiho-Cycle-Cover-666x666.jpg 666w, https:\/\/leiho.fr\/wp-content\/uploads\/2024\/12\/Leiho-Cycle-Cover-80x80.jpg 80w\" sizes=\"auto, (max-width: 1440px) 100vw, 1440px\" \/><\/figure>\n<\/figure>\n<\/div>\n\n\n\n<div class=\"wp-block-buttons is-content-justification-center is-layout-flex wp-container-core-buttons-is-layout-16018d1d wp-block-buttons-is-layout-flex\">\n<div class=\"wp-block-button\"><a class=\"wp-block-button__link has-text-align-center wp-element-button\" href=\"https:\/\/cdetvinyle.fr\/products\/cycle-leiho-album-cd\">Commander le CD<\/a><\/div>\n<\/div>\n\n\n\n<hr class=\"wp-block-separator has-alpha-channel-opacity\"\/>\n\n\n\n<p class=\"has-text-align-center\"><strong><mark style=\"background-color:rgba(0, 0, 0, 0)\" class=\"has-inline-color has-white-color\">Cartes Postales \u00c9trange \u00c9tat dessin cr\u00e9\u00e9 par Bubblee<\/mark><\/strong><\/p>\n\n\n\n<figure class=\"wp-block-gallery has-nested-images columns-default is-cropped wp-block-gallery-2 is-layout-flex wp-block-gallery-is-layout-flex\">\n<figure class=\"wp-block-image size-large\"><img loading=\"lazy\" decoding=\"async\" width=\"1024\" height=\"726\" data-id=\"297\" src=\"https:\/\/leiho.fr\/wp-content\/uploads\/2024\/12\/EE-carte-postale-recto-1024x726.png\" alt=\"\" class=\"wp-image-297\" srcset=\"https:\/\/leiho.fr\/wp-content\/uploads\/2024\/12\/EE-carte-postale-recto-1024x726.png 1024w, https:\/\/leiho.fr\/wp-content\/uploads\/2024\/12\/EE-carte-postale-recto-300x213.png 300w, https:\/\/leiho.fr\/wp-content\/uploads\/2024\/12\/EE-carte-postale-recto-768x545.png 768w, https:\/\/leiho.fr\/wp-content\/uploads\/2024\/12\/EE-carte-postale-recto-1536x1090.png 1536w, https:\/\/leiho.fr\/wp-content\/uploads\/2024\/12\/EE-carte-postale-recto.png 1748w\" sizes=\"auto, (max-width: 1024px) 100vw, 1024px\" \/><\/figure>\n\n\n\n<figure class=\"wp-block-image size-large\"><img loading=\"lazy\" decoding=\"async\" width=\"1024\" height=\"726\" data-id=\"298\" src=\"http:\/\/leiho.fr\/wp-content\/uploads\/2024\/12\/EE-carte-postale-verso-1024x726.png\" alt=\"\" class=\"wp-image-298\" srcset=\"https:\/\/leiho.fr\/wp-content\/uploads\/2024\/12\/EE-carte-postale-verso-1024x726.png 1024w, https:\/\/leiho.fr\/wp-content\/uploads\/2024\/12\/EE-carte-postale-verso-300x213.png 300w, https:\/\/leiho.fr\/wp-content\/uploads\/2024\/12\/EE-carte-postale-verso-768x545.png 768w, https:\/\/leiho.fr\/wp-content\/uploads\/2024\/12\/EE-carte-postale-verso-1536x1090.png 1536w, https:\/\/leiho.fr\/wp-content\/uploads\/2024\/12\/EE-carte-postale-verso.png 1748w\" sizes=\"auto, (max-width: 1024px) 100vw, 1024px\" \/><\/figure>\n<\/figure>\n\n\n\n<hr class=\"wp-block-separator has-alpha-channel-opacity\"\/>\n\n\n\n<hr class=\"wp-block-separator has-alpha-channel-opacity\"\/>\n\n\n\n<div class=\"wp-block-buttons is-content-justification-center is-layout-flex wp-container-core-buttons-is-layout-16018d1d wp-block-buttons-is-layout-flex\">\n<div class=\"wp-block-button\"><a class=\"wp-block-button__link wp-element-button\" href=\"https:\/\/leiho.bandcamp.com\/merch\/cartes-postales-trange-tat\">Commander une carte Postale<\/a><\/div>\n<\/div>\n\n\n\n<p class=\"has-text-align-center\"><strong><mark style=\"background-color:rgba(0, 0, 0, 0)\" class=\"has-inline-color has-white-color\">Banane Cycle fait main<\/mark><\/strong><\/p>\n\n\n\n<figure class=\"wp-block-gallery has-nested-images columns-default is-cropped wp-block-gallery-3 is-layout-flex wp-block-gallery-is-layout-flex\">\n<figure class=\"wp-block-image size-large\"><img loading=\"lazy\" decoding=\"async\" width=\"1024\" height=\"1024\" data-id=\"301\" src=\"http:\/\/leiho.fr\/wp-content\/uploads\/2024\/12\/Visuel-a-venir-1024x1024.png\" alt=\"\" class=\"wp-image-301\" srcset=\"https:\/\/leiho.fr\/wp-content\/uploads\/2024\/12\/Visuel-a-venir-1024x1024.png 1024w, https:\/\/leiho.fr\/wp-content\/uploads\/2024\/12\/Visuel-a-venir-300x300.png 300w, https:\/\/leiho.fr\/wp-content\/uploads\/2024\/12\/Visuel-a-venir-150x150.png 150w, https:\/\/leiho.fr\/wp-content\/uploads\/2024\/12\/Visuel-a-venir-768x768.png 768w, https:\/\/leiho.fr\/wp-content\/uploads\/2024\/12\/Visuel-a-venir-960x960.png 960w, https:\/\/leiho.fr\/wp-content\/uploads\/2024\/12\/Visuel-a-venir-140x140.png 140w, https:\/\/leiho.fr\/wp-content\/uploads\/2024\/12\/Visuel-a-venir-50x50.png 50w, https:\/\/leiho.fr\/wp-content\/uploads\/2024\/12\/Visuel-a-venir-666x666.png 666w, https:\/\/leiho.fr\/wp-content\/uploads\/2024\/12\/Visuel-a-venir-80x80.png 80w, https:\/\/leiho.fr\/wp-content\/uploads\/2024\/12\/Visuel-a-venir.png 1200w\" sizes=\"auto, (max-width: 1024px) 100vw, 1024px\" \/><\/figure>\n\n\n\n<figure class=\"wp-block-image size-large\"><img loading=\"lazy\" decoding=\"async\" width=\"1024\" height=\"1024\" data-id=\"302\" src=\"http:\/\/leiho.fr\/wp-content\/uploads\/2024\/12\/Logo-Leiho-1024x1024.png\" alt=\"\" class=\"wp-image-302\" srcset=\"https:\/\/leiho.fr\/wp-content\/uploads\/2024\/12\/Logo-Leiho-1024x1024.png 1024w, https:\/\/leiho.fr\/wp-content\/uploads\/2024\/12\/Logo-Leiho-300x300.png 300w, https:\/\/leiho.fr\/wp-content\/uploads\/2024\/12\/Logo-Leiho-150x150.png 150w, https:\/\/leiho.fr\/wp-content\/uploads\/2024\/12\/Logo-Leiho-768x768.png 768w, https:\/\/leiho.fr\/wp-content\/uploads\/2024\/12\/Logo-Leiho-1536x1536.png 1536w, https:\/\/leiho.fr\/wp-content\/uploads\/2024\/12\/Logo-Leiho-2048x2048.png 2048w, https:\/\/leiho.fr\/wp-content\/uploads\/2024\/12\/Logo-Leiho-960x960.png 960w, https:\/\/leiho.fr\/wp-content\/uploads\/2024\/12\/Logo-Leiho-140x140.png 140w, https:\/\/leiho.fr\/wp-content\/uploads\/2024\/12\/Logo-Leiho-50x50.png 50w, https:\/\/leiho.fr\/wp-content\/uploads\/2024\/12\/Logo-Leiho-666x666.png 666w, https:\/\/leiho.fr\/wp-content\/uploads\/2024\/12\/Logo-Leiho-80x80.png 80w\" sizes=\"auto, (max-width: 1024px) 100vw, 1024px\" \/><\/figure>\n<\/figure>\n\n\n\n<div class=\"wp-block-buttons is-content-justification-center is-layout-flex wp-container-core-buttons-is-layout-16018d1d wp-block-buttons-is-layout-flex\">\n<div class=\"wp-block-button\"><a class=\"wp-block-button__link has-text-align-center wp-element-button\" href=\"https:\/\/leiho.bandcamp.com\/merch\/banane-cycle-fait-main\">Commander une Banane Cycle<\/a><\/div>\n<\/div>\n\n\n\n<p><\/p>\n","protected":false},"excerpt":{"rendered":"<p>Nouvel album Cycle, disponible en version physique Cartes Postales \u00c9trange \u00c9tat dessin cr\u00e9\u00e9 par Bubblee Banane Cycle fait main<\/p>\n","protected":false},"author":1,"featured_media":0,"parent":0,"menu_order":0,"comment_status":"closed","ping_status":"closed","template":"","meta":{"footnotes":""},"class_list":["post-292","page","type-page","status-publish","hentry"],"_links":{"self":[{"href":"https:\/\/leiho.fr\/index.php\/wp-json\/wp\/v2\/pages\/292","targetHints":{"allow":["GET"]}}],"collection":[{"href":"https:\/\/leiho.fr\/index.php\/wp-json\/wp\/v2\/pages"}],"about":[{"href":"https:\/\/leiho.fr\/index.php\/wp-json\/wp\/v2\/types\/page"}],"author":[{"embeddable":true,"href":"https:\/\/leiho.fr\/index.php\/wp-json\/wp\/v2\/users\/1"}],"replies":[{"embeddable":true,"href":"https:\/\/leiho.fr\/index.php\/wp-json\/wp\/v2\/comments?post=292"}],"version-history":[{"count":4,"href":"https:\/\/leiho.fr\/index.php\/wp-json\/wp\/v2\/pages\/292\/revisions"}],"predecessor-version":[{"id":307,"href":"https:\/\/leiho.fr\/index.php\/wp-json\/wp\/v2\/pages\/292\/revisions\/307"}],"wp:attachment":[{"href":"https:\/\/leiho.fr\/index.php\/wp-json\/wp\/v2\/media?parent=292"}],"curies":[{"name":"wp","href":"https:\/\/api.w.org\/{rel}","templated":true}]}}