{"id":7,"date":"2022-12-15T16:22:41","date_gmt":"2022-12-15T15:22:41","guid":{"rendered":"http:\/\/leiho.fr\/?page_id=7"},"modified":"2024-09-23T15:25:45","modified_gmt":"2024-09-23T13:25:45","slug":"bio","status":"publish","type":"page","link":"https:\/\/leiho.fr\/index.php\/bio\/","title":{"rendered":"Bio"},"content":{"rendered":"<div class=\"wp-block-image\">\n<figure class=\"aligncenter size-large\"><img loading=\"lazy\" decoding=\"async\" width=\"683\" height=\"1024\" src=\"http:\/\/leiho.fr\/wp-content\/uploads\/2022\/12\/Leiho-credit-photo-Baptiste-Bourgouin-683x1024.jpg\" alt=\"\" class=\"wp-image-68\" srcset=\"https:\/\/leiho.fr\/wp-content\/uploads\/2022\/12\/Leiho-credit-photo-Baptiste-Bourgouin-683x1024.jpg 683w, https:\/\/leiho.fr\/wp-content\/uploads\/2022\/12\/Leiho-credit-photo-Baptiste-Bourgouin-200x300.jpg 200w, https:\/\/leiho.fr\/wp-content\/uploads\/2022\/12\/Leiho-credit-photo-Baptiste-Bourgouin-768x1152.jpg 768w, https:\/\/leiho.fr\/wp-content\/uploads\/2022\/12\/Leiho-credit-photo-Baptiste-Bourgouin-1024x1536.jpg 1024w, https:\/\/leiho.fr\/wp-content\/uploads\/2022\/12\/Leiho-credit-photo-Baptiste-Bourgouin-1365x2048.jpg 1365w, https:\/\/leiho.fr\/wp-content\/uploads\/2022\/12\/Leiho-credit-photo-Baptiste-Bourgouin-scaled.jpg 1707w\" sizes=\"auto, (max-width: 683px) 100vw, 683px\" \/><\/figure>\n<\/div>\n\n\n<p class=\"has-text-align-center has-text-color has-link-color wp-elements-bdcacd348b6db9203a7b60b6af334c8a\" style=\"color:#fdf9f0\"><em>Photo : Baptiste Bourgouin \u2013 Chato\u2019do (Blois)<\/em><\/p>\n\n\n\n<p class=\"has-text-align-center has-text-color has-link-color wp-elements-6493448496523eba3ef0b3d19381fef0\" style=\"color:#fdf9f0\">Dans l\u2019intimit\u00e9 d\u2019une guitare et d\u2019une voix, Leiho nous propose un univers<br>musical hybride charg\u00e9 de son v\u00e9cu et de ses \u00e9motions. Avec ses ballades soul teint\u00e9es de pop et de R&amp;B elle impose sa voix chaleureuse dans des m\u00e9lodies tant\u00f4t m\u00e9lancoliques, tant\u00f4t l\u00e9g\u00e8res, sur des textes en fran\u00e7ais.<\/p>\n\n\n\n<p class=\"has-text-align-center has-text-color has-link-color wp-elements-6e8ffac668112cc91fe39e1de96ec109\" style=\"color:#fdf9f0\">Apr\u00e8s plus d\u2019une centaine de dates en France dans une formule en solo, dont la<br>premi\u00e8re partie de November Ultra et d\u2019Ad\u00e9, c\u2019est dans une version en trio que vous pourrez la retrouver sur sc\u00e8ne et sur son premier album, <em>Cycle<\/em><\/p>\n\n\n\n<hr class=\"wp-block-separator has-alpha-channel-opacity\"\/>\n\n\n\n<p class=\"has-text-align-left has-text-color has-link-color wp-elements-f944526652e180e4e63727a7d1caae32\" style=\"color:#fdf9f0\"><strong>Discographie :<\/strong><\/p>\n\n\n\n<ul style=\"color:#fdf9f0\" class=\"wp-block-list has-text-color has-link-color wp-elements-7cce7ada611f6a34f39ac8d5e838c3b5\">\n<li>Mars 2024 : Album <em>Cycle <\/em>en autoproduction<\/li>\n\n\n\n<li>Octobre 2023 : Single, <em>Soir\u00e9e <\/em>en autoproduction<\/li>\n\n\n\n<li>Octobre 2022 : Single, <em>Sunny Day<\/em> en autoproduction<\/li>\n<\/ul>\n","protected":false},"excerpt":{"rendered":"<p>Photo : Baptiste Bourgouin \u2013 Chato\u2019do (Blois) Dans l\u2019intimit\u00e9 d\u2019une guitare et d\u2019une voix, Leiho nous propose un universmusical hybride charg\u00e9 de son v\u00e9cu et de ses \u00e9motions. Avec ses<\/p>\n<p class=\"more-link\"><a href=\"https:\/\/leiho.fr\/index.php\/bio\/\" class=\"readmore\">Continue reading<svg class=\"icon icon-arrow-right\" aria-hidden=\"true\" role=\"img\"> <use href=\"#icon-arrow-right\" xlink:href=\"#icon-arrow-right\"><\/use> <\/svg><span class=\"screen-reader-text\">Bio<\/span><\/a><\/p>\n","protected":false},"author":1,"featured_media":0,"parent":0,"menu_order":0,"comment_status":"closed","ping_status":"closed","template":"","meta":{"footnotes":""},"class_list":["post-7","page","type-page","status-publish","hentry"],"_links":{"self":[{"href":"https:\/\/leiho.fr\/index.php\/wp-json\/wp\/v2\/pages\/7","targetHints":{"allow":["GET"]}}],"collection":[{"href":"https:\/\/leiho.fr\/index.php\/wp-json\/wp\/v2\/pages"}],"about":[{"href":"https:\/\/leiho.fr\/index.php\/wp-json\/wp\/v2\/types\/page"}],"author":[{"embeddable":true,"href":"https:\/\/leiho.fr\/index.php\/wp-json\/wp\/v2\/users\/1"}],"replies":[{"embeddable":true,"href":"https:\/\/leiho.fr\/index.php\/wp-json\/wp\/v2\/comments?post=7"}],"version-history":[{"count":19,"href":"https:\/\/leiho.fr\/index.php\/wp-json\/wp\/v2\/pages\/7\/revisions"}],"predecessor-version":[{"id":274,"href":"https:\/\/leiho.fr\/index.php\/wp-json\/wp\/v2\/pages\/7\/revisions\/274"}],"wp:attachment":[{"href":"https:\/\/leiho.fr\/index.php\/wp-json\/wp\/v2\/media?parent=7"}],"curies":[{"name":"wp","href":"https:\/\/api.w.org\/{rel}","templated":true}]}}